{"id":152,"date":"2025-09-29T06:00:00","date_gmt":"2025-09-29T04:00:00","guid":{"rendered":"https:\/\/archistoneart.com\/?page_id=152"},"modified":"2025-10-12T15:59:32","modified_gmt":"2025-10-12T13:59:32","slug":"posts","status":"publish","type":"page","link":"https:\/\/archistoneart.com\/fr\/posts\/","title":{"rendered":"Articles"},"content":{"rendered":"<div class=\"wp-block-media-text is-stacked-on-mobile has-border-color has-contrast-border-color\" style=\"border-width:1px\"><figure class=\"wp-block-media-text__media\"><img loading=\"lazy\" decoding=\"async\" width=\"771\" height=\"1024\" src=\"https:\/\/archistoneart.com\/wp-content\/uploads\/2025\/10\/Renaissance-inspired_console_tablec-771x1024.png\" alt=\"\" class=\"wp-image-441 size-full\" srcset=\"https:\/\/archistoneart.com\/wp-content\/uploads\/2025\/10\/Renaissance-inspired_console_tablec-771x1024.png 771w, https:\/\/archistoneart.com\/wp-content\/uploads\/2025\/10\/Renaissance-inspired_console_tablec-226x300.png 226w, https:\/\/archistoneart.com\/wp-content\/uploads\/2025\/10\/Renaissance-inspired_console_tablec-768x1020.png 768w, https:\/\/archistoneart.com\/wp-content\/uploads\/2025\/10\/Renaissance-inspired_console_tablec-1157x1536.png 1157w, https:\/\/archistoneart.com\/wp-content\/uploads\/2025\/10\/Renaissance-inspired_console_tablec-1543x2048.png 1543w, https:\/\/archistoneart.com\/wp-content\/uploads\/2025\/10\/Renaissance-inspired_console_tablec-9x12.png 9w, https:\/\/archistoneart.com\/wp-content\/uploads\/2025\/10\/Renaissance-inspired_console_tablec-600x797.png 600w, https:\/\/archistoneart.com\/wp-content\/uploads\/2025\/10\/Renaissance-inspired_console_tablec.png 1856w\" sizes=\"auto, (max-width: 771px) 100vw, 771px\" \/><\/figure><div class=\"wp-block-media-text__content\">\n<p class=\"has-text-align-center\">L'ART MAGISTRAL DES PIERRES<\/p>\n\n\n\n<p>La marqueterie de pierre (pietra dura), est l'art d'incruster des pierres semi-pr\u00e9cieuses dans du marbre pour cr\u00e9er des motifs ressemblant \u00e0 des mosa\u00efques.<\/p>\n\n\n\n<p>Originaire de l'\u00c9gypte ancienne, perfectionn\u00e9e pendant la Renaissance italienne, les artisans taillent et polissent des pi\u00e8ces de pierre, qu'ils assemblent comme un puzzle sur des bases en marbre pour former des motifs floraux, g\u00e9om\u00e9triques ou paysagers.<\/p>\n\n\n\n<div class=\"wp-block-buttons is-layout-flex wp-block-buttons-is-layout-flex\">\n<div class=\"wp-block-button\"><a class=\"wp-block-button__link wp-element-button\" href=\"https:\/\/archistoneart.com\/fr\/magistral-art-of-stones-marquetery\/\">Lire la suite<\/a><\/div>\n<\/div>\n<\/div><\/div>\n\n\n\n<div class=\"wp-block-media-text is-stacked-on-mobile has-border-color has-contrast-border-color\" style=\"border-width:1px\"><figure class=\"wp-block-media-text__media\"><img loading=\"lazy\" decoding=\"async\" width=\"771\" height=\"1024\" src=\"https:\/\/archistoneart.com\/wp-content\/uploads\/2025\/09\/staircase_with_translucent_onyx_steps-771x1024.png\" alt=\"\" class=\"wp-image-393 size-full\" srcset=\"https:\/\/archistoneart.com\/wp-content\/uploads\/2025\/09\/staircase_with_translucent_onyx_steps-771x1024.png 771w, https:\/\/archistoneart.com\/wp-content\/uploads\/2025\/09\/staircase_with_translucent_onyx_steps-226x300.png 226w, https:\/\/archistoneart.com\/wp-content\/uploads\/2025\/09\/staircase_with_translucent_onyx_steps-768x1020.png 768w, https:\/\/archistoneart.com\/wp-content\/uploads\/2025\/09\/staircase_with_translucent_onyx_steps-1157x1536.png 1157w, https:\/\/archistoneart.com\/wp-content\/uploads\/2025\/09\/staircase_with_translucent_onyx_steps-1543x2048.png 1543w, https:\/\/archistoneart.com\/wp-content\/uploads\/2025\/09\/staircase_with_translucent_onyx_steps-9x12.png 9w, https:\/\/archistoneart.com\/wp-content\/uploads\/2025\/09\/staircase_with_translucent_onyx_steps-600x797.png 600w, https:\/\/archistoneart.com\/wp-content\/uploads\/2025\/09\/staircase_with_translucent_onyx_steps.png 1856w\" sizes=\"auto, (max-width: 771px) 100vw, 771px\" \/><\/figure><div class=\"wp-block-media-text__content\">\n<p class=\"has-text-align-center\">LE FUTUR DES PIERRES<\/p>\n\n\n\n<p>La pierre naturelle a fa\u00e7onn\u00e9 l'histoire, des temples antiques aux fa\u00e7ades modernes. Aujourd'hui, la technologie red\u00e9finit son charme.<\/p>\n\n\n\n<p>Imaginez un escalier en onyx translucide, dont chaque marche brille doucement sous vos pas gr\u00e2ce \u00e0 des LED int\u00e9gr\u00e9es dans la pierre. Ce jeu dynamique entre la lumi\u00e8re et la pierre transforme les espaces, alliant une \u00e9l\u00e9gance intemporelle \u00e0 une innovation futuriste.<\/p>\n\n\n\n<div class=\"wp-block-buttons is-layout-flex wp-block-buttons-is-layout-flex\">\n<div class=\"wp-block-button\"><a class=\"wp-block-button__link wp-element-button\" href=\"https:\/\/archistoneart.com\/fr\/future-of-natural-stones-light\/\">Lire la suite<\/a><\/div>\n<\/div>\n<\/div><\/div>\n\n\n\n<div class=\"wp-block-media-text is-stacked-on-mobile has-border-color has-contrast-border-color\" style=\"border-width:1px\"><figure class=\"wp-block-media-text__media\"><img loading=\"lazy\" decoding=\"async\" width=\"771\" height=\"1024\" src=\"https:\/\/archistoneart.com\/wp-content\/uploads\/2025\/09\/swimming_pool_in_dark_grey_granite-771x1024.png\" alt=\"\" class=\"wp-image-387 size-full\" srcset=\"https:\/\/archistoneart.com\/wp-content\/uploads\/2025\/09\/swimming_pool_in_dark_grey_granite-771x1024.png 771w, https:\/\/archistoneart.com\/wp-content\/uploads\/2025\/09\/swimming_pool_in_dark_grey_granite-226x300.png 226w, https:\/\/archistoneart.com\/wp-content\/uploads\/2025\/09\/swimming_pool_in_dark_grey_granite-768x1020.png 768w, https:\/\/archistoneart.com\/wp-content\/uploads\/2025\/09\/swimming_pool_in_dark_grey_granite-1157x1536.png 1157w, https:\/\/archistoneart.com\/wp-content\/uploads\/2025\/09\/swimming_pool_in_dark_grey_granite-1543x2048.png 1543w, https:\/\/archistoneart.com\/wp-content\/uploads\/2025\/09\/swimming_pool_in_dark_grey_granite-9x12.png 9w, https:\/\/archistoneart.com\/wp-content\/uploads\/2025\/09\/swimming_pool_in_dark_grey_granite-600x797.png 600w, https:\/\/archistoneart.com\/wp-content\/uploads\/2025\/09\/swimming_pool_in_dark_grey_granite.png 1856w\" sizes=\"auto, (max-width: 771px) 100vw, 771px\" \/><\/figure><div class=\"wp-block-media-text__content\">\n<p class=\"has-text-align-center\">LA PIERRE DANS LES JARDINS<\/p>\n\n\n\n<p>Le granit gris fonc\u00e9, extrait des profondeurs anciennes de l'Inde ou du Br\u00e9sil, transforme les bords des piscines de luxe avec une sophistication intemporelle.<\/p>\n\n\n\n<p>Its dense, anthracite surface offers a non-slip grip, perfect for wet environments, while resisting water, chemicals, and heat. This stone\u2019s subtle sheen and rugged grain elevate minimalist estates, blending safety with elegance.<\/p>\n\n\n\n<div class=\"wp-block-buttons is-layout-flex wp-block-buttons-is-layout-flex\">\n<div class=\"wp-block-button\"><a class=\"wp-block-button__link wp-element-button\" href=\"https:\/\/archistoneart.com\/fr\/stones-in-gardens-granite\/\">Lire la suite<\/a><\/div>\n<\/div>\n<\/div><\/div>\n\n\n\n<div class=\"wp-block-media-text is-stacked-on-mobile has-border-color has-contrast-border-color\" style=\"border-width:1px\"><figure class=\"wp-block-media-text__media\"><img loading=\"lazy\" decoding=\"async\" width=\"771\" height=\"1024\" src=\"https:\/\/archistoneart.com\/wp-content\/uploads\/2025\/09\/A_modern_kitchen_with_a_sleek_Carrara_marble-771x1024.png\" alt=\"\" class=\"wp-image-346 size-full\" srcset=\"https:\/\/archistoneart.com\/wp-content\/uploads\/2025\/09\/A_modern_kitchen_with_a_sleek_Carrara_marble-771x1024.png 771w, https:\/\/archistoneart.com\/wp-content\/uploads\/2025\/09\/A_modern_kitchen_with_a_sleek_Carrara_marble-226x300.png 226w, https:\/\/archistoneart.com\/wp-content\/uploads\/2025\/09\/A_modern_kitchen_with_a_sleek_Carrara_marble-768x1020.png 768w, https:\/\/archistoneart.com\/wp-content\/uploads\/2025\/09\/A_modern_kitchen_with_a_sleek_Carrara_marble-1157x1536.png 1157w, https:\/\/archistoneart.com\/wp-content\/uploads\/2025\/09\/A_modern_kitchen_with_a_sleek_Carrara_marble-1543x2048.png 1543w, https:\/\/archistoneart.com\/wp-content\/uploads\/2025\/09\/A_modern_kitchen_with_a_sleek_Carrara_marble-9x12.png 9w, https:\/\/archistoneart.com\/wp-content\/uploads\/2025\/09\/A_modern_kitchen_with_a_sleek_Carrara_marble-600x797.png 600w, https:\/\/archistoneart.com\/wp-content\/uploads\/2025\/09\/A_modern_kitchen_with_a_sleek_Carrara_marble.png 1856w\" sizes=\"auto, (max-width: 771px) 100vw, 771px\" \/><\/figure><div class=\"wp-block-media-text__content\">\n<p class=\"has-text-align-center\">LA PIERRE DANS LES INTERIEURS<\/p>\n\n\n\n<p>Un plan de travail en marbre de Carrare transforme toute cuisine en un havre intemporel.<\/p>\n\n\n\n<p>Extrait des Alpes apuanes en Italie, ses veines blanches lumineuses scintillent sous une lumi\u00e8re douce, m\u00ealant \u00e9l\u00e9gance et robustesse. Id\u00e9al pour \u00e9taler la p\u00e2te ou accueillir des d\u00eeners, la surface fra\u00eeche et durable du marbre rend chaque moment en cuisine semblable \u00e0 une \u0153uvre d\u2019art.<\/p>\n\n\n\n<div class=\"wp-block-buttons is-layout-flex wp-block-buttons-is-layout-flex\">\n<div class=\"wp-block-button\"><a class=\"wp-block-button__link wp-element-button\" href=\"https:\/\/archistoneart.com\/fr\/stones-in-interior-marble\/\">Lire la suite<\/a><\/div>\n<\/div>\n<\/div><\/div>\n\n\n\n<div class=\"wp-block-media-text is-stacked-on-mobile has-border-color has-contrast-border-color\" style=\"border-width:1px\"><figure class=\"wp-block-media-text__media\"><img loading=\"lazy\" decoding=\"async\" width=\"771\" height=\"1024\" src=\"https:\/\/archistoneart.com\/wp-content\/uploads\/2025\/09\/The_Taj_Mahals_white_marble-771x1024.png\" alt=\"\" class=\"wp-image-339 size-full\" srcset=\"https:\/\/archistoneart.com\/wp-content\/uploads\/2025\/09\/The_Taj_Mahals_white_marble-771x1024.png 771w, https:\/\/archistoneart.com\/wp-content\/uploads\/2025\/09\/The_Taj_Mahals_white_marble-226x300.png 226w, https:\/\/archistoneart.com\/wp-content\/uploads\/2025\/09\/The_Taj_Mahals_white_marble-768x1020.png 768w, https:\/\/archistoneart.com\/wp-content\/uploads\/2025\/09\/The_Taj_Mahals_white_marble-1157x1536.png 1157w, https:\/\/archistoneart.com\/wp-content\/uploads\/2025\/09\/The_Taj_Mahals_white_marble-1543x2048.png 1543w, https:\/\/archistoneart.com\/wp-content\/uploads\/2025\/09\/The_Taj_Mahals_white_marble-9x12.png 9w, https:\/\/archistoneart.com\/wp-content\/uploads\/2025\/09\/The_Taj_Mahals_white_marble-600x797.png 600w, https:\/\/archistoneart.com\/wp-content\/uploads\/2025\/09\/The_Taj_Mahals_white_marble.png 1856w\" sizes=\"auto, (max-width: 771px) 100vw, 771px\" \/><\/figure><div class=\"wp-block-media-text__content\">\n<p class=\"has-text-align-center\">LA PIERRE \u00c0 TRAVERS L'HISTOIRE<\/p>\n\n\n\n<p>Le marbre blanc du Taj Mahal, un symbole d'amour \u00e9ternel.<\/p>\n\n\n\n<p>Le marbre blanc du Taj Mahal, extrait des mines de Makrana au Rajasthan, resplendit d\u2019une \u00e9l\u00e9gance intemporelle. Construit par l\u2019empereur Shah Jahan pour sa bien-aim\u00e9e Mumtaz, sa fa\u00e7ade lumineuse refl\u00e8te la promesse \u00e9ternelle de l\u2019amour.<\/p>\n\n\n\n<div class=\"wp-block-buttons is-layout-flex wp-block-buttons-is-layout-flex\">\n<div class=\"wp-block-button\"><a class=\"wp-block-button__link wp-element-button\" href=\"https:\/\/archistoneart.com\/fr\/stone-through-history-taj-mahal\/\">Lire la suite<\/a><\/div>\n<\/div>\n<\/div><\/div>\n\n\n\n<div class=\"wp-block-media-text is-stacked-on-mobile has-border-color has-contrast-border-color\" style=\"border-width:1px\"><figure class=\"wp-block-media-text__media\"><img loading=\"lazy\" decoding=\"async\" width=\"771\" height=\"1024\" src=\"https:\/\/archistoneart.com\/wp-content\/uploads\/2025\/09\/A_luxurious_shower_interior_with_polished_marble-3-771x1024.png\" alt=\"\" class=\"wp-image-153 size-full\" srcset=\"https:\/\/archistoneart.com\/wp-content\/uploads\/2025\/09\/A_luxurious_shower_interior_with_polished_marble-3-771x1024.png 771w, https:\/\/archistoneart.com\/wp-content\/uploads\/2025\/09\/A_luxurious_shower_interior_with_polished_marble-3-226x300.png 226w, https:\/\/archistoneart.com\/wp-content\/uploads\/2025\/09\/A_luxurious_shower_interior_with_polished_marble-3-768x1020.png 768w, https:\/\/archistoneart.com\/wp-content\/uploads\/2025\/09\/A_luxurious_shower_interior_with_polished_marble-3-1157x1536.png 1157w, https:\/\/archistoneart.com\/wp-content\/uploads\/2025\/09\/A_luxurious_shower_interior_with_polished_marble-3-1543x2048.png 1543w, https:\/\/archistoneart.com\/wp-content\/uploads\/2025\/09\/A_luxurious_shower_interior_with_polished_marble-3-600x797.png 600w, https:\/\/archistoneart.com\/wp-content\/uploads\/2025\/09\/A_luxurious_shower_interior_with_polished_marble-3.png 1856w\" sizes=\"auto, (max-width: 771px) 100vw, 771px\" \/><\/figure><div class=\"wp-block-media-text__content\">\n<div class=\"wp-block-group is-layout-grid wp-container-core-group-is-layout-478b6e6b wp-block-group-is-layout-grid\">\n<div class=\"wp-block-group is-vertical is-content-justification-center is-layout-flex wp-container-core-group-is-layout-eb8bd3d9 wp-block-group-is-layout-flex\">\n<p>LA PIERRE DANS LES INTERIEURS<\/p>\n\n\n\n<p>Quelles pierres naturelles \u00e9l\u00e8vent les douches de luxe au rang d'\u0153uvres d'art ?<\/p>\n\n\n\n<p style=\"border-style:none;border-width:0px;border-radius:0px;margin-top:0;margin-right:0;margin-bottom:0;margin-left:0;padding-top:0;padding-right:0;padding-bottom:0;padding-left:0\">La conception d'une douche haut de gamme n\u00e9cessite des pierres alliant beaut\u00e9, durabilit\u00e9 et fonctionnalit\u00e9. Le marbre, avec ses veines intemporelles, comme le Calacatta ou le Statuario, respire l'\u00e9l\u00e9gance, mais n\u00e9cessite un traitement imperm\u00e9abilisant pour r\u00e9sister aux taches d'eau.<\/p>\n<\/div>\n<\/div>\n\n\n\n<div class=\"wp-block-buttons is-layout-flex wp-block-buttons-is-layout-flex\">\n<div class=\"wp-block-button\"><a class=\"wp-block-button__link wp-element-button\" href=\"https:\/\/archistoneart.com\/fr\/stones-in-interior-bathroooms\/\">Lire la suite<\/a><\/div>\n<\/div>\n<\/div><\/div>\n\n\n\n<div class=\"wp-block-media-text is-stacked-on-mobile has-border-color has-contrast-border-color\" style=\"border-width:1px\"><figure class=\"wp-block-media-text__media\"><img loading=\"lazy\" decoding=\"async\" width=\"771\" height=\"1024\" src=\"https:\/\/archistoneart.com\/wp-content\/uploads\/2025\/09\/Colosseum_in_Rome-771x1024.png\" alt=\"\" class=\"wp-image-181 size-full\" srcset=\"https:\/\/archistoneart.com\/wp-content\/uploads\/2025\/09\/Colosseum_in_Rome-771x1024.png 771w, https:\/\/archistoneart.com\/wp-content\/uploads\/2025\/09\/Colosseum_in_Rome-226x300.png 226w, https:\/\/archistoneart.com\/wp-content\/uploads\/2025\/09\/Colosseum_in_Rome-768x1020.png 768w, https:\/\/archistoneart.com\/wp-content\/uploads\/2025\/09\/Colosseum_in_Rome-1157x1536.png 1157w, https:\/\/archistoneart.com\/wp-content\/uploads\/2025\/09\/Colosseum_in_Rome-1543x2048.png 1543w, https:\/\/archistoneart.com\/wp-content\/uploads\/2025\/09\/Colosseum_in_Rome-600x797.png 600w, https:\/\/archistoneart.com\/wp-content\/uploads\/2025\/09\/Colosseum_in_Rome.png 1856w\" sizes=\"auto, (max-width: 771px) 100vw, 771px\" \/><\/figure><div class=\"wp-block-media-text__content\">\n<p class=\"has-text-align-center\">LA PIERRE \u00c0 TRAVERS L'HISTOIRE<\/p>\n\n\n\n<p>Comment le calcaire a-t-il forg\u00e9 l'h\u00e9ritage de Rome ?<\/p>\n\n\n\n<p>Le Colis\u00e9e, taill\u00e9 dans le calcaire de Tivoli, se dresse comme un monument intemporel \u00e0 la grandeur de Rome.<\/p>\n\n\n\n<p>Depuis pr\u00e8s de 2 000 ans, ses pierres dor\u00e9es se pr\u00e9lassent au soleil, murmurant des r\u00e9cits de gladiateurs et de r\u00eaves anciens.<\/p>\n\n\n\n<div class=\"wp-block-buttons is-layout-flex wp-block-buttons-is-layout-flex\">\n<div class=\"wp-block-button\"><a class=\"wp-block-button__link wp-element-button\" href=\"https:\/\/archistoneart.com\/fr\/stone-through-history-post1\/\">Lire la suite<\/a><\/div>\n<\/div>\n<\/div><\/div>","protected":false},"excerpt":{"rendered":"","protected":false},"author":1,"featured_media":0,"parent":0,"menu_order":0,"comment_status":"closed","ping_status":"closed","template":"","meta":{"om_disable_all_campaigns":false,"_monsterinsights_skip_tracking":false,"_monsterinsights_sitenote_active":false,"_monsterinsights_sitenote_note":"","_monsterinsights_sitenote_category":0,"_EventAllDay":false,"_EventTimezone":"","_EventStartDate":"","_EventEndDate":"","_EventStartDateUTC":"","_EventEndDateUTC":"","_EventShowMap":false,"_EventShowMapLink":false,"_EventURL":"","_EventCost":"","_EventCostDescription":"","_EventCurrencySymbol":"","_EventCurrencyCode":"","_EventCurrencyPosition":"","_EventDateTimeSeparator":"","_EventTimeRangeSeparator":"","_EventOrganizerID":[],"_EventVenueID":[],"_OrganizerEmail":"","_OrganizerPhone":"","_OrganizerWebsite":"","_VenueAddress":"","_VenueCity":"","_VenueCountry":"","_VenueProvince":"","_VenueState":"","_VenueZip":"","_VenuePhone":"","_VenueURL":"","_VenueStateProvince":"","_VenueLat":"","_VenueLng":"","_VenueShowMap":false,"_VenueShowMapLink":false,"footnotes":""},"class_list":["post-152","page","type-page","status-publish","hentry"],"aioseo_notices":[],"_hostinger_reach_plugin_has_subscription_block":false,"_hostinger_reach_plugin_is_elementor":false,"_links":{"self":[{"href":"https:\/\/archistoneart.com\/fr\/wp-json\/wp\/v2\/pages\/152","targetHints":{"allow":["GET"]}}],"collection":[{"href":"https:\/\/archistoneart.com\/fr\/wp-json\/wp\/v2\/pages"}],"about":[{"href":"https:\/\/archistoneart.com\/fr\/wp-json\/wp\/v2\/types\/page"}],"author":[{"embeddable":true,"href":"https:\/\/archistoneart.com\/fr\/wp-json\/wp\/v2\/users\/1"}],"replies":[{"embeddable":true,"href":"https:\/\/archistoneart.com\/fr\/wp-json\/wp\/v2\/comments?post=152"}],"version-history":[{"count":19,"href":"https:\/\/archistoneart.com\/fr\/wp-json\/wp\/v2\/pages\/152\/revisions"}],"predecessor-version":[{"id":456,"href":"https:\/\/archistoneart.com\/fr\/wp-json\/wp\/v2\/pages\/152\/revisions\/456"}],"wp:attachment":[{"href":"https:\/\/archistoneart.com\/fr\/wp-json\/wp\/v2\/media?parent=152"}],"curies":[{"name":"wp","href":"https:\/\/api.w.org\/{rel}","templated":true}]}}